{"id":7416,"date":"2016-01-15T17:38:20","date_gmt":"2016-01-15T16:38:20","guid":{"rendered":"http:\/\/2016.sabandari.com\/de\/?page_id=7416"},"modified":"2018-05-28T08:44:36","modified_gmt":"2018-05-28T07:44:36","slug":"home","status":"publish","type":"page","link":"https:\/\/www.sabandari.com\/de\/","title":{"rendered":"Villa Sabandari &#8211; Boutique Hotel in Ubud &#8211; Bali"},"content":{"rendered":"<p><div class=\"fusion-fullwidth fullwidth-box fusion-builder-row-1 nonhundred-percent-fullwidth non-hundred-percent-height-scrolling fusion-equal-height-columns\" style=\"--awb-background-position:left top;--awb-border-radius-top-left:0px;--awb-border-radius-top-right:0px;--awb-border-radius-bottom-right:0px;--awb-border-radius-bottom-left:0px;--awb-padding-top:0px;--awb-padding-bottom:0px;--awb-border-sizes-top:0px;--awb-border-sizes-bottom:0px;--awb-flex-wrap:wrap;\" ><div class=\"fusion-builder-row fusion-row\"><div class=\"fusion-layout-column fusion_builder_column fusion-builder-column-0 fusion_builder_column_1_1 1_1 fusion-one-full fusion-column-first fusion-column-last\" style=\"--awb-bg-position:right bottom;--awb-bg-size:cover;--awb-margin-bottom:0px;\"><div class=\"fusion-column-wrapper fusion-flex-column-wrapper-legacy\"><div class=\"fusion-text fusion-text-1\"><p style=\"letter-spacing: 4px; font-size: 13px; margin-bottom: 0px;\">BOUTIQUE HOTEL IN UBUD (BALI)<\/p>\n<h1>Den Alltag vergessen.<br \/>\nEinfach genie\u00dfen!<\/h1>\n<\/div><div class=\"fusion-sep-clear\"><\/div><div class=\"fusion-separator fusion-clearfix\" style=\"float:left;margin-top:0px;margin-bottom:20px;width:100%;max-width:50px;\"><div class=\"fusion-separator-border sep-single sep-solid\" style=\"--awb-height:20px;--awb-amount:20px;--awb-sep-color:#cbaa5c;border-color:#cbaa5c;border-top-width:1px;\"><\/div><\/div><div class=\"fusion-sep-clear\"><\/div><div class=\"fusion-text fusion-text-2\"><p>Ihr n\u00e4chster Urlaub in einem boutique Hotel in Ubud :<strong>\u00a0<\/strong>ist es das, was Sie sich w\u00fcnschen?<\/p>\n<p>Villa Sabandari &#8211; ein geschmackvolles\u00a0<strong>Design Hotel in Bali<\/strong> &#8211;\u00a0bietet Ihnen einen Blick \u00a0auf <strong>die Reisfelder um Ubud.<\/strong><\/p>\n<p>Au\u00dferdem ist das Stadtzentrum binnen weniger Minuten zu Fu\u00df zu erreichen.<\/p>\n<p>Dieses <strong>Boutique Hotel<\/strong> ist vom ber\u00fchmten Architekten, Joost van Grieken, aus den Niederlanden \u2013 mit langj\u00e4hrigem Wohnsitz auf Bali \u2013 entworfen worden.<\/p>\n<p style=\"text-align: center;\"><img decoding=\"async\" class=\"aligncenter size-full wp-image-9344\" src=\"https:\/\/www.sabandari.com\/wp-content\/uploads\/2016\/01\/Exterior-reduced-size-2.jpeg\" alt=\"\" width=\"700\" height=\"573\" srcset=\"https:\/\/www.sabandari.com\/wp-content\/uploads\/2016\/01\/Exterior-reduced-size-2-200x164.jpeg 200w, https:\/\/www.sabandari.com\/wp-content\/uploads\/2016\/01\/Exterior-reduced-size-2-300x246.jpeg 300w, https:\/\/www.sabandari.com\/wp-content\/uploads\/2016\/01\/Exterior-reduced-size-2-400x327.jpeg 400w, https:\/\/www.sabandari.com\/wp-content\/uploads\/2016\/01\/Exterior-reduced-size-2-600x491.jpeg 600w, https:\/\/www.sabandari.com\/wp-content\/uploads\/2016\/01\/Exterior-reduced-size-2.jpeg 700w\" sizes=\"(max-width: 700px) 100vw, 700px\" \/><\/p>\n<\/div><div class=\"fusion-clearfix\"><\/div><\/div><\/div><div class=\"fusion-layout-column fusion_builder_column fusion-builder-column-1 fusion_builder_column_1_1 1_1 fusion-one-full fusion-column-first fusion-column-last fusion-column-no-min-height\" style=\"--awb-bg-size:cover;--awb-margin-bottom:0px;\"><div class=\"fusion-column-wrapper fusion-flex-column-wrapper-legacy\"><div class=\"fusion-text fusion-text-3\"><p>Der gute Ruf von Joost beruht auf seinen F\u00e4higkeiten, westliche Baustile mit balinesischer Baukultur harmonisch zu kombinieren.<\/p>\n<p>Dank unseren unterschiedlichen kulturellen Herkunft f\u00fchlen wir uns dazu berufen, unserem Markenzeichen \u201e<strong>Qualit\u00e4t<\/strong>\u201c, h\u00f6chste Bedeutung zu verleihen.<\/p>\n<p>Unsere G\u00e4ste sollen auch das Beste beider Kulturen genie\u00dfen. Wir selber haben gelernt, es so zu sch\u00e4tzen, dass wir daraus den Eckstein unseres Empfangskonzeptes gemacht haben.<\/p>\n<p>Bali Reisen sind nicht einfach sch\u00f6n. Bali ist ein Paradies auf Erden:<br \/>\nSonne, bezaubernde Natur, gastfreundliche Menschen, grandiose kulinarische Spezialit\u00e4ten, vielseitige Kultur mit Bodenst\u00e4ndigkeit, Meer und sch\u00f6ne Str\u00e4nde. Die Aufz\u00e4hlung ist unendlich.<\/p>\n<p>Bali ist kurzum das ideale Urlaubsziel.<\/p>\n<p>Aus eigener Erfahrung kennen wir auch die Sehnsucht nach selbstverst\u00e4ndlichen Gepflogenheiten aus der Heimat nach einer Woche in der Ferne oder das Bed\u00fcrfnis nach einer Verbindung mit den Verwandten, Freunden in der fernen Heimat:<\/p>\n<p>in einem Zimmer mit idealer Temperatur wie zuhause schlafen, Pommes frites essen, \u00fcber Skype mit den Kindern telefonieren, ein Glas Rotwein trinken, Emails abrufen, einen Whisky genie\u00dfen, eine westliche wohltuende Pedik\u00fcr in Anspruch nehmen\u2026<\/p>\n<p>F\u00fcr diese Bed\u00fcrfnisse sorgen wir w\u00e4hrend Ihres Bali-Urlaubs.<\/p>\n<p>So ist die ganze Idee der<strong> Villa Sabandari<\/strong> ins Leben gerufen worden:<br \/>\n\u201eDas beste beider Kulturen unter einem Dach\u201c.<\/p>\n<p><strong>Unser Konzept richtet sich:<\/strong><br \/>\n<strong>nach der Sehnsucht mancher Urlauber nach diesem Ideal und auch nach einem Refugium zum Erholen, zum Auftanken von Kr\u00e4ften nach einer strapazi\u00f6sen Reise durch Indonesien.<\/strong><\/p>\n<p>Lassen Sie sich mit einem <a href=\"https:\/\/www.sabandari.com\/\">Klick an dieser Stelle<\/a> auf English durch unsere Fotosammlung, unsere Preise und Online-Buchungssystem f\u00fchren.<\/p>\n<p>Willkommen in der Villa Sabandari \u2013 Boutique Hotels Ubud<\/p>\n<p>Saar Sabandar &amp; Dirk Weemaes<\/p>\n<\/div><div class=\"fusion-clearfix\"><\/div><\/div><\/div><\/div><\/div><div class=\"fusion-fullwidth fullwidth-box fusion-builder-row-2 nonhundred-percent-fullwidth non-hundred-percent-height-scrolling fusion-equal-height-columns\" style=\"--awb-background-position:left top;--awb-border-radius-top-left:0px;--awb-border-radius-top-right:0px;--awb-border-radius-bottom-right:0px;--awb-border-radius-bottom-left:0px;--awb-padding-top:0px;--awb-padding-bottom:0px;--awb-border-sizes-top:0px;--awb-border-sizes-bottom:0px;--awb-flex-wrap:wrap;\" ><div class=\"fusion-builder-row fusion-row\"><div class=\"fusion-layout-column fusion_builder_column fusion-builder-column-2 fusion_builder_column_1_1 1_1 fusion-one-full fusion-column-first fusion-column-last\" style=\"--awb-bg-size:cover;\"><div class=\"fusion-column-wrapper fusion-flex-column-wrapper-legacy\"><div class=\"fusion-clearfix\"><\/div><\/div><\/div><\/div><\/div><\/p>\n","protected":false},"excerpt":{"rendered":"","protected":false},"author":1,"featured_media":0,"parent":0,"menu_order":0,"comment_status":"open","ping_status":"open","template":"100-width.php","meta":{"footnotes":""},"class_list":["post-7416","page","type-page","status-publish","hentry"],"yoast_head":"<!-- This site is optimized with the Yoast SEO plugin v27.6 - https:\/\/yoast.com\/product\/yoast-seo-wordpress\/ -->\n<title>Villa Sabandari - Boutique Hotel in Ubud (Bali)<\/title>\n<meta name=\"description\" content=\"Ihr n\u00e4chster Urlaub in einem boutique Hotel in Ubud (Bali). Ist es das, was Sie sich w\u00fcnschen? Villa Sabandari bietet Ihnen einen Blick auf die Reisfelder.\" \/>\n<meta name=\"robots\" content=\"index, follow, max-snippet:-1, max-image-preview:large, max-video-preview:-1\" \/>\n<link rel=\"canonical\" href=\"https:\/\/www.sabandari.com\/de\/\" \/>\n<meta property=\"og:locale\" content=\"de_DE\" \/>\n<meta property=\"og:type\" content=\"article\" \/>\n<meta property=\"og:title\" content=\"Villa Sabandari - Boutique Hotel in Ubud (Bali)\" \/>\n<meta property=\"og:description\" content=\"Ihr n\u00e4chster Urlaub in einem boutique Hotel in Ubud (Bali). Ist es das, was Sie sich w\u00fcnschen? Villa Sabandari - ein geschmackvolles Design Hotel - bietet Ihnen einen Blick auf die Reisfelder um Ubud.\" \/>\n<meta property=\"og:url\" content=\"https:\/\/www.sabandari.com\/de\/\" \/>\n<meta property=\"og:site_name\" content=\"Villa Sabandari\" \/>\n<meta property=\"article:publisher\" content=\"https:\/\/www.facebook.com\/villa.sabandari\/\" \/>\n<meta property=\"article:modified_time\" content=\"2018-05-28T07:44:36+00:00\" \/>\n<meta property=\"og:image\" content=\"https:\/\/www.sabandari.com\/wp-content\/uploads\/2015\/12\/Pool2.jpg\" \/>\n\t<meta property=\"og:image:width\" content=\"1600\" \/>\n\t<meta property=\"og:image:height\" content=\"710\" \/>\n\t<meta property=\"og:image:type\" content=\"image\/jpeg\" \/>\n<meta name=\"twitter:card\" content=\"summary_large_image\" \/>\n<meta name=\"twitter:site\" content=\"@villasabandari\" \/>\n<meta name=\"twitter:label1\" content=\"Gesch\u00e4tzte Lesezeit\" \/>\n\t<meta name=\"twitter:data1\" content=\"4\u00a0Minuten\" \/>\n<script type=\"application\/ld+json\" class=\"yoast-schema-graph\">{\"@context\":\"https:\\\/\\\/schema.org\",\"@graph\":[{\"@type\":\"WebPage\",\"@id\":\"https:\\\/\\\/www.sabandari.com\\\/de\\\/\",\"url\":\"https:\\\/\\\/www.sabandari.com\\\/de\\\/\",\"name\":\"Villa Sabandari - Boutique Hotel in Ubud (Bali)\",\"isPartOf\":{\"@id\":\"https:\\\/\\\/www.sabandari.com\\\/#website\"},\"primaryImageOfPage\":{\"@id\":\"https:\\\/\\\/www.sabandari.com\\\/de\\\/#primaryimage\"},\"image\":{\"@id\":\"https:\\\/\\\/www.sabandari.com\\\/de\\\/#primaryimage\"},\"thumbnailUrl\":\"https:\\\/\\\/www.sabandari.com\\\/wp-content\\\/uploads\\\/2016\\\/01\\\/Exterior-reduced-size-2.jpeg\",\"datePublished\":\"2016-01-15T16:38:20+00:00\",\"dateModified\":\"2018-05-28T07:44:36+00:00\",\"description\":\"Ihr n\u00e4chster Urlaub in einem boutique Hotel in Ubud (Bali). Ist es das, was Sie sich w\u00fcnschen? Villa Sabandari bietet Ihnen einen Blick auf die Reisfelder.\",\"breadcrumb\":{\"@id\":\"https:\\\/\\\/www.sabandari.com\\\/de\\\/#breadcrumb\"},\"inLanguage\":\"de\",\"potentialAction\":[{\"@type\":\"ReadAction\",\"target\":[\"https:\\\/\\\/www.sabandari.com\\\/de\\\/\"]}]},{\"@type\":\"ImageObject\",\"inLanguage\":\"de\",\"@id\":\"https:\\\/\\\/www.sabandari.com\\\/de\\\/#primaryimage\",\"url\":\"https:\\\/\\\/www.sabandari.com\\\/wp-content\\\/uploads\\\/2016\\\/01\\\/Exterior-reduced-size-2.jpeg\",\"contentUrl\":\"https:\\\/\\\/www.sabandari.com\\\/wp-content\\\/uploads\\\/2016\\\/01\\\/Exterior-reduced-size-2.jpeg\"},{\"@type\":\"BreadcrumbList\",\"@id\":\"https:\\\/\\\/www.sabandari.com\\\/de\\\/#breadcrumb\",\"itemListElement\":[{\"@type\":\"ListItem\",\"position\":1,\"name\":\"Home\",\"item\":\"https:\\\/\\\/www.sabandari.com\\\/de\\\/\"},{\"@type\":\"ListItem\",\"position\":2,\"name\":\"Villa Sabandari &#8211; Boutique Hotel in Ubud &#8211; Bali\"}]},{\"@type\":\"WebSite\",\"@id\":\"https:\\\/\\\/www.sabandari.com\\\/#website\",\"url\":\"https:\\\/\\\/www.sabandari.com\\\/\",\"name\":\"Villa Sabandari\",\"description\":\"Een luxe vakantie in een rustig gelegen hotel op Bali\",\"publisher\":{\"@id\":\"https:\\\/\\\/www.sabandari.com\\\/#organization\"},\"potentialAction\":[{\"@type\":\"SearchAction\",\"target\":{\"@type\":\"EntryPoint\",\"urlTemplate\":\"https:\\\/\\\/www.sabandari.com\\\/?s={search_term_string}\"},\"query-input\":{\"@type\":\"PropertyValueSpecification\",\"valueRequired\":true,\"valueName\":\"search_term_string\"}}],\"inLanguage\":\"de\"},{\"@type\":\"Organization\",\"@id\":\"https:\\\/\\\/www.sabandari.com\\\/#organization\",\"name\":\"Villa Sabandari\",\"url\":\"https:\\\/\\\/www.sabandari.com\\\/\",\"logo\":{\"@type\":\"ImageObject\",\"inLanguage\":\"de\",\"@id\":\"https:\\\/\\\/www.sabandari.com\\\/#\\\/schema\\\/logo\\\/image\\\/\",\"url\":\"https:\\\/\\\/www.sabandari.com\\\/wp-content\\\/uploads\\\/2016\\\/02\\\/copy-logo-mobile-200-95.gif\",\"contentUrl\":\"https:\\\/\\\/www.sabandari.com\\\/wp-content\\\/uploads\\\/2016\\\/02\\\/copy-logo-mobile-200-95.gif\",\"width\":200,\"height\":95,\"caption\":\"Villa Sabandari\"},\"image\":{\"@id\":\"https:\\\/\\\/www.sabandari.com\\\/#\\\/schema\\\/logo\\\/image\\\/\"},\"sameAs\":[\"https:\\\/\\\/www.facebook.com\\\/villa.sabandari\\\/\",\"https:\\\/\\\/x.com\\\/villasabandari\"]}]}<\/script>\n<!-- \/ Yoast SEO plugin. -->","yoast_head_json":{"title":"Villa Sabandari - Boutique Hotel in Ubud (Bali)","description":"Ihr n\u00e4chster Urlaub in einem boutique Hotel in Ubud (Bali). Ist es das, was Sie sich w\u00fcnschen? Villa Sabandari bietet Ihnen einen Blick auf die Reisfelder.","robots":{"index":"index","follow":"follow","max-snippet":"max-snippet:-1","max-image-preview":"max-image-preview:large","max-video-preview":"max-video-preview:-1"},"canonical":"https:\/\/www.sabandari.com\/de\/","og_locale":"de_DE","og_type":"article","og_title":"Villa Sabandari - Boutique Hotel in Ubud (Bali)","og_description":"Ihr n\u00e4chster Urlaub in einem boutique Hotel in Ubud (Bali). Ist es das, was Sie sich w\u00fcnschen? Villa Sabandari - ein geschmackvolles Design Hotel - bietet Ihnen einen Blick auf die Reisfelder um Ubud.","og_url":"https:\/\/www.sabandari.com\/de\/","og_site_name":"Villa Sabandari","article_publisher":"https:\/\/www.facebook.com\/villa.sabandari\/","article_modified_time":"2018-05-28T07:44:36+00:00","og_image":[{"width":1600,"height":710,"url":"https:\/\/www.sabandari.com\/wp-content\/uploads\/2015\/12\/Pool2.jpg","type":"image\/jpeg"}],"twitter_card":"summary_large_image","twitter_site":"@villasabandari","twitter_misc":{"Gesch\u00e4tzte Lesezeit":"4\u00a0Minuten"},"schema":{"@context":"https:\/\/schema.org","@graph":[{"@type":"WebPage","@id":"https:\/\/www.sabandari.com\/de\/","url":"https:\/\/www.sabandari.com\/de\/","name":"Villa Sabandari - Boutique Hotel in Ubud (Bali)","isPartOf":{"@id":"https:\/\/www.sabandari.com\/#website"},"primaryImageOfPage":{"@id":"https:\/\/www.sabandari.com\/de\/#primaryimage"},"image":{"@id":"https:\/\/www.sabandari.com\/de\/#primaryimage"},"thumbnailUrl":"https:\/\/www.sabandari.com\/wp-content\/uploads\/2016\/01\/Exterior-reduced-size-2.jpeg","datePublished":"2016-01-15T16:38:20+00:00","dateModified":"2018-05-28T07:44:36+00:00","description":"Ihr n\u00e4chster Urlaub in einem boutique Hotel in Ubud (Bali). Ist es das, was Sie sich w\u00fcnschen? Villa Sabandari bietet Ihnen einen Blick auf die Reisfelder.","breadcrumb":{"@id":"https:\/\/www.sabandari.com\/de\/#breadcrumb"},"inLanguage":"de","potentialAction":[{"@type":"ReadAction","target":["https:\/\/www.sabandari.com\/de\/"]}]},{"@type":"ImageObject","inLanguage":"de","@id":"https:\/\/www.sabandari.com\/de\/#primaryimage","url":"https:\/\/www.sabandari.com\/wp-content\/uploads\/2016\/01\/Exterior-reduced-size-2.jpeg","contentUrl":"https:\/\/www.sabandari.com\/wp-content\/uploads\/2016\/01\/Exterior-reduced-size-2.jpeg"},{"@type":"BreadcrumbList","@id":"https:\/\/www.sabandari.com\/de\/#breadcrumb","itemListElement":[{"@type":"ListItem","position":1,"name":"Home","item":"https:\/\/www.sabandari.com\/de\/"},{"@type":"ListItem","position":2,"name":"Villa Sabandari &#8211; Boutique Hotel in Ubud &#8211; Bali"}]},{"@type":"WebSite","@id":"https:\/\/www.sabandari.com\/#website","url":"https:\/\/www.sabandari.com\/","name":"Villa Sabandari","description":"Een luxe vakantie in een rustig gelegen hotel op Bali","publisher":{"@id":"https:\/\/www.sabandari.com\/#organization"},"potentialAction":[{"@type":"SearchAction","target":{"@type":"EntryPoint","urlTemplate":"https:\/\/www.sabandari.com\/?s={search_term_string}"},"query-input":{"@type":"PropertyValueSpecification","valueRequired":true,"valueName":"search_term_string"}}],"inLanguage":"de"},{"@type":"Organization","@id":"https:\/\/www.sabandari.com\/#organization","name":"Villa Sabandari","url":"https:\/\/www.sabandari.com\/","logo":{"@type":"ImageObject","inLanguage":"de","@id":"https:\/\/www.sabandari.com\/#\/schema\/logo\/image\/","url":"https:\/\/www.sabandari.com\/wp-content\/uploads\/2016\/02\/copy-logo-mobile-200-95.gif","contentUrl":"https:\/\/www.sabandari.com\/wp-content\/uploads\/2016\/02\/copy-logo-mobile-200-95.gif","width":200,"height":95,"caption":"Villa Sabandari"},"image":{"@id":"https:\/\/www.sabandari.com\/#\/schema\/logo\/image\/"},"sameAs":["https:\/\/www.facebook.com\/villa.sabandari\/","https:\/\/x.com\/villasabandari"]}]}},"_links":{"self":[{"href":"https:\/\/www.sabandari.com\/de\/wp-json\/wp\/v2\/pages\/7416","targetHints":{"allow":["GET"]}}],"collection":[{"href":"https:\/\/www.sabandari.com\/de\/wp-json\/wp\/v2\/pages"}],"about":[{"href":"https:\/\/www.sabandari.com\/de\/wp-json\/wp\/v2\/types\/page"}],"author":[{"embeddable":true,"href":"https:\/\/www.sabandari.com\/de\/wp-json\/wp\/v2\/users\/1"}],"replies":[{"embeddable":true,"href":"https:\/\/www.sabandari.com\/de\/wp-json\/wp\/v2\/comments?post=7416"}],"version-history":[{"count":18,"href":"https:\/\/www.sabandari.com\/de\/wp-json\/wp\/v2\/pages\/7416\/revisions"}],"predecessor-version":[{"id":9443,"href":"https:\/\/www.sabandari.com\/de\/wp-json\/wp\/v2\/pages\/7416\/revisions\/9443"}],"wp:attachment":[{"href":"https:\/\/www.sabandari.com\/de\/wp-json\/wp\/v2\/media?parent=7416"}],"curies":[{"name":"wp","href":"https:\/\/api.w.org\/{rel}","templated":true}]}}