{"id":7473,"date":"2016-01-15T18:21:40","date_gmt":"2016-01-15T17:21:40","guid":{"rendered":"http:\/\/2016.sabandari.com\/fr\/?page_id=7473"},"modified":"2018-05-28T08:43:13","modified_gmt":"2018-05-28T07:43:13","slug":"fr","status":"publish","type":"page","link":"https:\/\/www.sabandari.com\/fr\/","title":{"rendered":"Villa Sabandari &#8211; Boutique H\u00f4tel \u00e0 Ubud (Bali)"},"content":{"rendered":"<p><div class=\"fusion-fullwidth fullwidth-box fusion-builder-row-1 nonhundred-percent-fullwidth non-hundred-percent-height-scrolling fusion-equal-height-columns\" style=\"--awb-background-position:left top;--awb-border-radius-top-left:0px;--awb-border-radius-top-right:0px;--awb-border-radius-bottom-right:0px;--awb-border-radius-bottom-left:0px;--awb-padding-top:0px;--awb-padding-bottom:0px;--awb-border-sizes-top:0px;--awb-border-sizes-bottom:0px;--awb-flex-wrap:wrap;\" ><div class=\"fusion-builder-row fusion-row\"><div class=\"fusion-layout-column fusion_builder_column fusion-builder-column-0 fusion_builder_column_1_1 1_1 fusion-one-full fusion-column-first fusion-column-last\" style=\"--awb-bg-position:right bottom;--awb-bg-size:cover;--awb-margin-bottom:0px;\"><div class=\"fusion-column-wrapper fusion-flex-column-wrapper-legacy\"><div class=\"fusion-text fusion-text-1\"><p style=\"letter-spacing: 4px; font-size: 13px; margin-bottom: 0px;\">BOUTIQUE H\u00d4TEL A\u00a0UBUD (BALI)<\/p>\n<h1>Une rencontre Orient-Occident<\/h1>\n<\/div><div class=\"fusion-sep-clear\"><\/div><div class=\"fusion-separator fusion-clearfix\" style=\"float:left;margin-top:0px;margin-bottom:20px;width:100%;max-width:50px;\"><div class=\"fusion-separator-border sep-single sep-solid\" style=\"--awb-height:20px;--awb-amount:20px;--awb-sep-color:#cbaa5c;border-color:#cbaa5c;border-top-width:1px;\"><\/div><\/div><div class=\"fusion-sep-clear\"><\/div><div class=\"fusion-text fusion-text-2\"><p>Passer vos prochaines vacances dans <strong>un boutique h\u00f4tel \u00e0 Ubud <\/strong>con\u00e7u \u00e0 cet effet ! Est-ce cela \u00e0 quoi vous r\u00eavez?<\/p>\n<p>L&rsquo;h\u00f4tel de charme Villa Sabandari vous offre une splendide vue sur <strong>les rizi\u00e8res<\/strong> cernant la petite ville d&rsquo;Ubud. Cependant, le centre-ville est \u00e0 quelques petites minutes de marche \u00e0 pied.<\/p>\n<p>L\u2019 h\u00f4tel porte la marque du renomm\u00e9 architecte n\u00e9erlandais, Joost van Grieken, qui r\u00e9side \u00e0 Bali depuis fort longtemps. Le doigt\u00e9 de Joost \u00e0 pouvoir marier les gouts architecturaux occidentaux avec l\u00b4art de construction propre \u00e0 Bali fait sa renomm\u00e9e.<\/p>\n<p style=\"text-align: center;\"><img decoding=\"async\" class=\"aligncenter size-full wp-image-9344\" src=\"https:\/\/www.sabandari.com\/wp-content\/uploads\/2016\/01\/Exterior-reduced-size-2.jpeg\" alt=\"\" width=\"700\" height=\"573\" srcset=\"https:\/\/www.sabandari.com\/wp-content\/uploads\/2016\/01\/Exterior-reduced-size-2-200x164.jpeg 200w, https:\/\/www.sabandari.com\/wp-content\/uploads\/2016\/01\/Exterior-reduced-size-2-300x246.jpeg 300w, https:\/\/www.sabandari.com\/wp-content\/uploads\/2016\/01\/Exterior-reduced-size-2-400x327.jpeg 400w, https:\/\/www.sabandari.com\/wp-content\/uploads\/2016\/01\/Exterior-reduced-size-2-600x491.jpeg 600w, https:\/\/www.sabandari.com\/wp-content\/uploads\/2016\/01\/Exterior-reduced-size-2.jpeg 700w\" sizes=\"(max-width: 700px) 100vw, 700px\" \/><\/p>\n<\/div><div class=\"fusion-clearfix\"><\/div><\/div><\/div><div class=\"fusion-layout-column fusion_builder_column fusion-builder-column-1 fusion_builder_column_1_1 1_1 fusion-one-full fusion-column-first fusion-column-last fusion-column-no-min-height\" style=\"--awb-bg-size:cover;--awb-margin-bottom:0px;\"><div class=\"fusion-column-wrapper fusion-flex-column-wrapper-legacy\"><div class=\"fusion-text fusion-text-3\"><p>Forts de nos diff\u00e9rentes origines culturelles, nous accordons un sens particulier \u00e0 <strong>la notion de qualit\u00e9<\/strong>. C\u2019est pourquoi nous tenons \u00e0 partager avec nos clients, le meilleur de nos deux cultures, pr\u00e9cis\u00e9ment parce que nous avons appris \u00e0 appr\u00e9cier et \u00e0 entretenir ce concept.<\/p>\n<p>Comme destination de voyage <strong>Bali est un r\u00eave<\/strong>, un paradis terrestre. Le soleil, une nature paradisiaque, une population accueillante, une art culinaire exceptionnel, une culture d\u00b4une grande richesse, la mer et de belles plages \u2026 La localit\u00e9 de Ubud se pr\u00eate bien au concept d\u2019 h\u00f4tel de charme.<\/p>\n<p>N\u00e9anmoins, nous savons aussi par exp\u00e9rience qu\u00b4une fois \u00e0 l\u00b4\u00e9tranger ou apr\u00e8s une semaine de vacances, on sent le manque de certaines habitudes de vie de tous les jours: dormir dans une chambre \u00e0 une temp\u00e9rature agr\u00e9able, manger des frites, t\u00e9l\u00e9phoner via Skype \u00e0 ses proches rest\u00e9s au pays, boire un d\u00e9licieux verre de vin, pouvoir lire ses courriels, boire un whisky, profiter d\u00b4une p\u00e9dicure bienfaisante\u2026.<\/p>\n<p>Nous avons song\u00e9 \u00e0 tous ces moments de r\u00e9conforts.<\/p>\n<p>La conception de Villa Sabandari r\u00e9pond \u00e0 tous ces besoins: elle r\u00e9unit <strong>le meilleur de nos deux cultures<\/strong> au m\u00eame endroit. Ce concept s\u00b4adresse pr\u00e9cis\u00e9ment aux touristes en manque ou \u00e0 la recherche d\u00b4un tel moment d\u00b4\u00e9vasion, soit pour se reposer, soit pour se faire des forces apr\u00e8s un voyage \u00e9puisant \u00e0 travers l\u00b4Indon\u00e9sie.<\/p>\n<p><a class=\"links\" href=\"https:\/\/www.sabandari.com\/\">Cliquez ici<\/a> pour visiter notre site web complet en langue anglaise. Vous y trouverez des photos, <a href=\"https:\/\/www.thebookingbutton.com.au\/properties\/sabandaridirect\" target=\"_blank\" rel=\"noopener noreferrer\">le syst\u00e8me de r\u00e9servation<\/a> en ligne, et nos tarifs.<\/p>\n<p>Soyez les bienvenus \u00e0 Villa Sabandari \u2013 H\u00f4tel Boutique | <strong>Bali Ubud<\/strong><\/p>\n<p>Saar Sabandar &amp; Dirk Weemaes<\/p>\n<\/div><div class=\"fusion-clearfix\"><\/div><\/div><\/div><\/div><\/div><div class=\"fusion-fullwidth fullwidth-box fusion-builder-row-2 nonhundred-percent-fullwidth non-hundred-percent-height-scrolling fusion-equal-height-columns\" style=\"--awb-background-position:left top;--awb-border-radius-top-left:0px;--awb-border-radius-top-right:0px;--awb-border-radius-bottom-right:0px;--awb-border-radius-bottom-left:0px;--awb-padding-top:0px;--awb-padding-bottom:0px;--awb-border-sizes-top:0px;--awb-border-sizes-bottom:0px;--awb-flex-wrap:wrap;\" ><div class=\"fusion-builder-row fusion-row\"><div class=\"fusion-layout-column fusion_builder_column fusion-builder-column-2 fusion_builder_column_1_1 1_1 fusion-one-full fusion-column-first fusion-column-last\" style=\"--awb-bg-size:cover;\"><div class=\"fusion-column-wrapper fusion-flex-column-wrapper-legacy\"><div class=\"fusion-clearfix\"><\/div><\/div><\/div><\/div><\/div><\/p>\n","protected":false},"excerpt":{"rendered":"","protected":false},"author":1,"featured_media":0,"parent":0,"menu_order":0,"comment_status":"open","ping_status":"open","template":"100-width.php","meta":{"footnotes":""},"class_list":["post-7473","page","type-page","status-publish","hentry"],"yoast_head":"<!-- This site is optimized with the Yoast SEO plugin v27.5 - https:\/\/yoast.com\/product\/yoast-seo-wordpress\/ -->\n<title>Villa Sabandari -\u00a0Boutique H\u00f4tel \u00e0 Ubud (Bali)<\/title>\n<meta name=\"description\" content=\"Passez vos prochaines vacances dans\u00a0un boutique h\u00f4tel \u00e0 Ubud (Bali)\u00a0! Villa Sabandari vous offre une splendide vue sur\u00a0les rizi\u00e8res.\" \/>\n<meta name=\"robots\" content=\"index, follow, max-snippet:-1, max-image-preview:large, max-video-preview:-1\" \/>\n<link rel=\"canonical\" href=\"https:\/\/www.sabandari.com\/fr\/\" \/>\n<meta property=\"og:locale\" content=\"fr_FR\" \/>\n<meta property=\"og:type\" content=\"article\" \/>\n<meta property=\"og:title\" content=\"Villa Sabandari - Boutique H\u00f4tel \u00e0 Ubud (Bali)\" \/>\n<meta property=\"og:description\" content=\"Passez vos prochaines vacances dans un boutique h\u00f4tel \u00e0 Ubud (Bali) ! Villa Sabandari vous offre une splendide vue sur les rizi\u00e8res cernant la petite ville d&#039; Ubud. Cependant, le centre-ville est \u00e0 quelques petites minutes de marche.\" \/>\n<meta property=\"og:url\" content=\"https:\/\/www.sabandari.com\/fr\/\" \/>\n<meta property=\"og:site_name\" content=\"Villa Sabandari\" \/>\n<meta property=\"article:publisher\" content=\"https:\/\/www.facebook.com\/villa.sabandari\/\" \/>\n<meta property=\"article:modified_time\" content=\"2018-05-28T07:43:13+00:00\" \/>\n<meta property=\"og:image\" content=\"https:\/\/www.sabandari.com\/wp-content\/uploads\/2015\/12\/Pool1.jpg\" \/>\n\t<meta property=\"og:image:width\" content=\"1600\" \/>\n\t<meta property=\"og:image:height\" content=\"763\" \/>\n\t<meta property=\"og:image:type\" content=\"image\/jpeg\" \/>\n<meta name=\"twitter:card\" content=\"summary_large_image\" \/>\n<meta name=\"twitter:site\" content=\"@villasabandari\" \/>\n<meta name=\"twitter:label1\" content=\"Dur\u00e9e de lecture estim\u00e9e\" \/>\n\t<meta name=\"twitter:data1\" content=\"4 minutes\" \/>\n<script type=\"application\/ld+json\" class=\"yoast-schema-graph\">{\"@context\":\"https:\\\/\\\/schema.org\",\"@graph\":[{\"@type\":\"WebPage\",\"@id\":\"https:\\\/\\\/www.sabandari.com\\\/fr\\\/\",\"url\":\"https:\\\/\\\/www.sabandari.com\\\/fr\\\/\",\"name\":\"Villa Sabandari -\u00a0Boutique H\u00f4tel \u00e0 Ubud (Bali)\",\"isPartOf\":{\"@id\":\"https:\\\/\\\/www.sabandari.com\\\/#website\"},\"primaryImageOfPage\":{\"@id\":\"https:\\\/\\\/www.sabandari.com\\\/fr\\\/#primaryimage\"},\"image\":{\"@id\":\"https:\\\/\\\/www.sabandari.com\\\/fr\\\/#primaryimage\"},\"thumbnailUrl\":\"https:\\\/\\\/www.sabandari.com\\\/wp-content\\\/uploads\\\/2016\\\/01\\\/Exterior-reduced-size-2.jpeg\",\"datePublished\":\"2016-01-15T17:21:40+00:00\",\"dateModified\":\"2018-05-28T07:43:13+00:00\",\"description\":\"Passez vos prochaines vacances dans\u00a0un boutique h\u00f4tel \u00e0 Ubud (Bali)\u00a0! Villa Sabandari vous offre une splendide vue sur\u00a0les rizi\u00e8res.\",\"breadcrumb\":{\"@id\":\"https:\\\/\\\/www.sabandari.com\\\/fr\\\/#breadcrumb\"},\"inLanguage\":\"fr-FR\",\"potentialAction\":[{\"@type\":\"ReadAction\",\"target\":[\"https:\\\/\\\/www.sabandari.com\\\/fr\\\/\"]}]},{\"@type\":\"ImageObject\",\"inLanguage\":\"fr-FR\",\"@id\":\"https:\\\/\\\/www.sabandari.com\\\/fr\\\/#primaryimage\",\"url\":\"https:\\\/\\\/www.sabandari.com\\\/wp-content\\\/uploads\\\/2016\\\/01\\\/Exterior-reduced-size-2.jpeg\",\"contentUrl\":\"https:\\\/\\\/www.sabandari.com\\\/wp-content\\\/uploads\\\/2016\\\/01\\\/Exterior-reduced-size-2.jpeg\"},{\"@type\":\"BreadcrumbList\",\"@id\":\"https:\\\/\\\/www.sabandari.com\\\/fr\\\/#breadcrumb\",\"itemListElement\":[{\"@type\":\"ListItem\",\"position\":1,\"name\":\"Home\",\"item\":\"https:\\\/\\\/www.sabandari.com\\\/fr\\\/\"},{\"@type\":\"ListItem\",\"position\":2,\"name\":\"Villa Sabandari &#8211; Boutique H\u00f4tel \u00e0 Ubud (Bali)\"}]},{\"@type\":\"WebSite\",\"@id\":\"https:\\\/\\\/www.sabandari.com\\\/#website\",\"url\":\"https:\\\/\\\/www.sabandari.com\\\/\",\"name\":\"Villa Sabandari\",\"description\":\"Een luxe vakantie in een rustig gelegen hotel op Bali\",\"publisher\":{\"@id\":\"https:\\\/\\\/www.sabandari.com\\\/#organization\"},\"potentialAction\":[{\"@type\":\"SearchAction\",\"target\":{\"@type\":\"EntryPoint\",\"urlTemplate\":\"https:\\\/\\\/www.sabandari.com\\\/?s={search_term_string}\"},\"query-input\":{\"@type\":\"PropertyValueSpecification\",\"valueRequired\":true,\"valueName\":\"search_term_string\"}}],\"inLanguage\":\"fr-FR\"},{\"@type\":\"Organization\",\"@id\":\"https:\\\/\\\/www.sabandari.com\\\/#organization\",\"name\":\"Villa Sabandari\",\"url\":\"https:\\\/\\\/www.sabandari.com\\\/\",\"logo\":{\"@type\":\"ImageObject\",\"inLanguage\":\"fr-FR\",\"@id\":\"https:\\\/\\\/www.sabandari.com\\\/#\\\/schema\\\/logo\\\/image\\\/\",\"url\":\"https:\\\/\\\/www.sabandari.com\\\/wp-content\\\/uploads\\\/2016\\\/02\\\/copy-logo-mobile-200-95.gif\",\"contentUrl\":\"https:\\\/\\\/www.sabandari.com\\\/wp-content\\\/uploads\\\/2016\\\/02\\\/copy-logo-mobile-200-95.gif\",\"width\":200,\"height\":95,\"caption\":\"Villa Sabandari\"},\"image\":{\"@id\":\"https:\\\/\\\/www.sabandari.com\\\/#\\\/schema\\\/logo\\\/image\\\/\"},\"sameAs\":[\"https:\\\/\\\/www.facebook.com\\\/villa.sabandari\\\/\",\"https:\\\/\\\/x.com\\\/villasabandari\"]}]}<\/script>\n<!-- \/ Yoast SEO plugin. -->","yoast_head_json":{"title":"Villa Sabandari -\u00a0Boutique H\u00f4tel \u00e0 Ubud (Bali)","description":"Passez vos prochaines vacances dans\u00a0un boutique h\u00f4tel \u00e0 Ubud (Bali)\u00a0! Villa Sabandari vous offre une splendide vue sur\u00a0les rizi\u00e8res.","robots":{"index":"index","follow":"follow","max-snippet":"max-snippet:-1","max-image-preview":"max-image-preview:large","max-video-preview":"max-video-preview:-1"},"canonical":"https:\/\/www.sabandari.com\/fr\/","og_locale":"fr_FR","og_type":"article","og_title":"Villa Sabandari - Boutique H\u00f4tel \u00e0 Ubud (Bali)","og_description":"Passez vos prochaines vacances dans un boutique h\u00f4tel \u00e0 Ubud (Bali) ! Villa Sabandari vous offre une splendide vue sur les rizi\u00e8res cernant la petite ville d' Ubud. Cependant, le centre-ville est \u00e0 quelques petites minutes de marche.","og_url":"https:\/\/www.sabandari.com\/fr\/","og_site_name":"Villa Sabandari","article_publisher":"https:\/\/www.facebook.com\/villa.sabandari\/","article_modified_time":"2018-05-28T07:43:13+00:00","og_image":[{"width":1600,"height":763,"url":"https:\/\/www.sabandari.com\/wp-content\/uploads\/2015\/12\/Pool1.jpg","type":"image\/jpeg"}],"twitter_card":"summary_large_image","twitter_site":"@villasabandari","twitter_misc":{"Dur\u00e9e de lecture estim\u00e9e":"4 minutes"},"schema":{"@context":"https:\/\/schema.org","@graph":[{"@type":"WebPage","@id":"https:\/\/www.sabandari.com\/fr\/","url":"https:\/\/www.sabandari.com\/fr\/","name":"Villa Sabandari -\u00a0Boutique H\u00f4tel \u00e0 Ubud (Bali)","isPartOf":{"@id":"https:\/\/www.sabandari.com\/#website"},"primaryImageOfPage":{"@id":"https:\/\/www.sabandari.com\/fr\/#primaryimage"},"image":{"@id":"https:\/\/www.sabandari.com\/fr\/#primaryimage"},"thumbnailUrl":"https:\/\/www.sabandari.com\/wp-content\/uploads\/2016\/01\/Exterior-reduced-size-2.jpeg","datePublished":"2016-01-15T17:21:40+00:00","dateModified":"2018-05-28T07:43:13+00:00","description":"Passez vos prochaines vacances dans\u00a0un boutique h\u00f4tel \u00e0 Ubud (Bali)\u00a0! Villa Sabandari vous offre une splendide vue sur\u00a0les rizi\u00e8res.","breadcrumb":{"@id":"https:\/\/www.sabandari.com\/fr\/#breadcrumb"},"inLanguage":"fr-FR","potentialAction":[{"@type":"ReadAction","target":["https:\/\/www.sabandari.com\/fr\/"]}]},{"@type":"ImageObject","inLanguage":"fr-FR","@id":"https:\/\/www.sabandari.com\/fr\/#primaryimage","url":"https:\/\/www.sabandari.com\/wp-content\/uploads\/2016\/01\/Exterior-reduced-size-2.jpeg","contentUrl":"https:\/\/www.sabandari.com\/wp-content\/uploads\/2016\/01\/Exterior-reduced-size-2.jpeg"},{"@type":"BreadcrumbList","@id":"https:\/\/www.sabandari.com\/fr\/#breadcrumb","itemListElement":[{"@type":"ListItem","position":1,"name":"Home","item":"https:\/\/www.sabandari.com\/fr\/"},{"@type":"ListItem","position":2,"name":"Villa Sabandari &#8211; Boutique H\u00f4tel \u00e0 Ubud (Bali)"}]},{"@type":"WebSite","@id":"https:\/\/www.sabandari.com\/#website","url":"https:\/\/www.sabandari.com\/","name":"Villa Sabandari","description":"Een luxe vakantie in een rustig gelegen hotel op Bali","publisher":{"@id":"https:\/\/www.sabandari.com\/#organization"},"potentialAction":[{"@type":"SearchAction","target":{"@type":"EntryPoint","urlTemplate":"https:\/\/www.sabandari.com\/?s={search_term_string}"},"query-input":{"@type":"PropertyValueSpecification","valueRequired":true,"valueName":"search_term_string"}}],"inLanguage":"fr-FR"},{"@type":"Organization","@id":"https:\/\/www.sabandari.com\/#organization","name":"Villa Sabandari","url":"https:\/\/www.sabandari.com\/","logo":{"@type":"ImageObject","inLanguage":"fr-FR","@id":"https:\/\/www.sabandari.com\/#\/schema\/logo\/image\/","url":"https:\/\/www.sabandari.com\/wp-content\/uploads\/2016\/02\/copy-logo-mobile-200-95.gif","contentUrl":"https:\/\/www.sabandari.com\/wp-content\/uploads\/2016\/02\/copy-logo-mobile-200-95.gif","width":200,"height":95,"caption":"Villa Sabandari"},"image":{"@id":"https:\/\/www.sabandari.com\/#\/schema\/logo\/image\/"},"sameAs":["https:\/\/www.facebook.com\/villa.sabandari\/","https:\/\/x.com\/villasabandari"]}]}},"_links":{"self":[{"href":"https:\/\/www.sabandari.com\/fr\/wp-json\/wp\/v2\/pages\/7473","targetHints":{"allow":["GET"]}}],"collection":[{"href":"https:\/\/www.sabandari.com\/fr\/wp-json\/wp\/v2\/pages"}],"about":[{"href":"https:\/\/www.sabandari.com\/fr\/wp-json\/wp\/v2\/types\/page"}],"author":[{"embeddable":true,"href":"https:\/\/www.sabandari.com\/fr\/wp-json\/wp\/v2\/users\/1"}],"replies":[{"embeddable":true,"href":"https:\/\/www.sabandari.com\/fr\/wp-json\/wp\/v2\/comments?post=7473"}],"version-history":[{"count":16,"href":"https:\/\/www.sabandari.com\/fr\/wp-json\/wp\/v2\/pages\/7473\/revisions"}],"predecessor-version":[{"id":9442,"href":"https:\/\/www.sabandari.com\/fr\/wp-json\/wp\/v2\/pages\/7473\/revisions\/9442"}],"wp:attachment":[{"href":"https:\/\/www.sabandari.com\/fr\/wp-json\/wp\/v2\/media?parent=7473"}],"curies":[{"name":"wp","href":"https:\/\/api.w.org\/{rel}","templated":true}]}}